{"id":976,"date":"2026-04-08T02:31:53","date_gmt":"2026-04-08T02:31:53","guid":{"rendered":"https:\/\/grupocostasur.com\/?post_type=product&#038;p=976"},"modified":"2026-04-08T04:01:24","modified_gmt":"2026-04-08T04:01:24","slug":"departamento-condominio-pacifico-la-serena","status":"publish","type":"product","link":"https:\/\/grupocostasur.com\/en\/product\/departamento-condominio-pacifico-la-serena\/","title":{"rendered":"Departamento Condominio Pac\u00edfico &#8211; La Serena"},"content":{"rendered":"<p>Departamento ubicado en uno de los sectores m\u00e1s demandados de La Serena. A pasos de la playa y rodeado de servicios tur\u00edsticos, ideal para vivienda, segunda residencia o inversi\u00f3n en arriendo vacacional.<\/p>\n<p>Equipamiento del Departamento<br \/>\n\u2022 Cocina equipada con encimera el\u00e9ctrica, horno el\u00e9ctrico y campana<br \/>\n\u2022 Cubierta de granito<br \/>\n\u2022 Muebles de cocina en melamina<br \/>\n\u2022 Closet con muebles<br \/>\n\u2022 Ba\u00f1o con vanitorio y cubierta p\u00e9trea<br \/>\n\u2022 Balc\u00f3n con cierre acristalado<br \/>\n\u2022 Chapa electr\u00f3nica<br \/>\n\u2022 Termo el\u00e9ctrico para agua caliente<br \/>\n\u2022 Incluye lavadora<br \/>\n\u2022 Se vende con muebles<\/p>\n<p>Equipamiento del Condominio<br \/>\n\u2022 Piscina<br \/>\n\u2022 Quinchos<br \/>\n\u2022 Seguridad 24 horas<br \/>\n\u2022 Edificio con ascensor<\/p>","protected":false},"excerpt":{"rendered":"<p>Departamento ubicado en uno de los sectores m\u00e1s demandados de La Serena. A pasos de la playa y rodeado de servicios tur\u00edsticos, ideal para vivienda, segunda residencia o inversi\u00f3n en arriendo vacacional.<\/p>","protected":false},"featured_media":978,"comment_status":"open","ping_status":"closed","template":"","meta":{"_exactmetrics_skip_tracking":false,"_exactmetrics_sitenote_active":false,"_exactmetrics_sitenote_note":"","_exactmetrics_sitenote_category":0},"product_brand":[],"product_cat":[21],"product_tag":[],"class_list":{"0":"post-976","1":"product","2":"type-product","3":"status-publish","4":"has-post-thumbnail","6":"product_cat-venta","8":"first","9":"instock","10":"shipping-taxable","11":"product-type-simple"},"_links":{"self":[{"href":"https:\/\/grupocostasur.com\/en\/wp-json\/wp\/v2\/product\/976","targetHints":{"allow":["GET"]}}],"collection":[{"href":"https:\/\/grupocostasur.com\/en\/wp-json\/wp\/v2\/product"}],"about":[{"href":"https:\/\/grupocostasur.com\/en\/wp-json\/wp\/v2\/types\/product"}],"replies":[{"embeddable":true,"href":"https:\/\/grupocostasur.com\/en\/wp-json\/wp\/v2\/comments?post=976"}],"wp:featuredmedia":[{"embeddable":true,"href":"https:\/\/grupocostasur.com\/en\/wp-json\/wp\/v2\/media\/978"}],"wp:attachment":[{"href":"https:\/\/grupocostasur.com\/en\/wp-json\/wp\/v2\/media?parent=976"}],"wp:term":[{"taxonomy":"product_brand","embeddable":true,"href":"https:\/\/grupocostasur.com\/en\/wp-json\/wp\/v2\/product_brand?post=976"},{"taxonomy":"product_cat","embeddable":true,"href":"https:\/\/grupocostasur.com\/en\/wp-json\/wp\/v2\/product_cat?post=976"},{"taxonomy":"product_tag","embeddable":true,"href":"https:\/\/grupocostasur.com\/en\/wp-json\/wp\/v2\/product_tag?post=976"}],"curies":[{"name":"wp","href":"https:\/\/api.w.org\/{rel}","templated":true}]}}