{"id":83,"date":"2025-11-06T17:42:54","date_gmt":"2025-11-06T17:42:54","guid":{"rendered":"https:\/\/grupocostasur.com\/?post_type=product&#038;p=83"},"modified":"2025-11-14T15:38:55","modified_gmt":"2025-11-14T15:38:55","slug":"departamento-condominio-aqua-la-serena-2","status":"publish","type":"product","link":"https:\/\/grupocostasur.com\/en\/product\/departamento-condominio-aqua-la-serena-2\/","title":{"rendered":"Apartment Condo Aqua \u2013 La Serena"},"content":{"rendered":"<p>Department Condo Aqua \u2013 La Serena<br \/>\nAvenida del Mar 1600, La Serena<br \/>\nLa Serena<br \/>\nDepartamento<\/p>\n<p>Sale<br \/>\nUF 8.000<\/p>\n<p>3 habitaciones<br \/>\n2 ba\u00f1os<br \/>\nDepartamento amoblado<br \/>\nPiso 5, Torre 3<br \/>\nEstacionamiento<\/p>\n<p>RESUMEN<br \/>\nTipo: Departamento<br \/>\nEstado: Venta<br \/>\nCiudad: La Serena<br \/>\nDisponibilidad: Disponible<br \/>\nCARACTER\u00cdSTICAS<\/p>\n<p>Tipo: Departamento<br \/>\nPiso: 5<br \/>\nHabitaciones: 3<br \/>\nBa\u00f1os: 2<br \/>\nEstacionamientos: 1<br \/>\nLavander\u00eda: Si<br \/>\nPiscina: Si<br \/>\nQuincho: Si<br \/>\nConserjer\u00eda: Si<br \/>\nAscensor: Si<br \/>\nEn condominio: Si<\/p>","protected":false},"excerpt":{"rendered":"<p>Departamento Condominio Aqua \u2013 La Serena Avenida del Mar 1600, La Serena La Serena Departamento Venta UF 8.000 3 habitaciones 2 ba\u00f1os Departamento amoblado Piso 5, Torre 3 Estacionamiento RESUMEN Tipo: Departamento Estado: Venta Ciudad: La Serena Disponibilidad: Disponible CARACTER\u00cdSTICAS Tipo: Departamento Piso: 5 Habitaciones: 3 Ba\u00f1os: 2 Estacionamientos: 1 Lavander\u00eda: Si Piscina: Si Quincho: [&hellip;]<\/p>\n","protected":false},"featured_media":90,"comment_status":"open","ping_status":"closed","template":"","meta":{"_exactmetrics_skip_tracking":false,"_exactmetrics_sitenote_active":false,"_exactmetrics_sitenote_note":"","_exactmetrics_sitenote_category":0},"product_brand":[],"product_cat":[21],"product_tag":[],"class_list":{"0":"post-83","1":"product","2":"type-product","3":"status-publish","4":"has-post-thumbnail","6":"product_cat-venta","8":"first","9":"instock","10":"shipping-taxable","11":"product-type-simple"},"_links":{"self":[{"href":"https:\/\/grupocostasur.com\/en\/wp-json\/wp\/v2\/product\/83","targetHints":{"allow":["GET"]}}],"collection":[{"href":"https:\/\/grupocostasur.com\/en\/wp-json\/wp\/v2\/product"}],"about":[{"href":"https:\/\/grupocostasur.com\/en\/wp-json\/wp\/v2\/types\/product"}],"replies":[{"embeddable":true,"href":"https:\/\/grupocostasur.com\/en\/wp-json\/wp\/v2\/comments?post=83"}],"wp:featuredmedia":[{"embeddable":true,"href":"https:\/\/grupocostasur.com\/en\/wp-json\/wp\/v2\/media\/90"}],"wp:attachment":[{"href":"https:\/\/grupocostasur.com\/en\/wp-json\/wp\/v2\/media?parent=83"}],"wp:term":[{"taxonomy":"product_brand","embeddable":true,"href":"https:\/\/grupocostasur.com\/en\/wp-json\/wp\/v2\/product_brand?post=83"},{"taxonomy":"product_cat","embeddable":true,"href":"https:\/\/grupocostasur.com\/en\/wp-json\/wp\/v2\/product_cat?post=83"},{"taxonomy":"product_tag","embeddable":true,"href":"https:\/\/grupocostasur.com\/en\/wp-json\/wp\/v2\/product_tag?post=83"}],"curies":[{"name":"wp","href":"https:\/\/api.w.org\/{rel}","templated":true}]}}