{"id":257,"date":"2025-11-07T10:50:38","date_gmt":"2025-11-07T10:50:38","guid":{"rendered":"https:\/\/grupocostasur.com\/?post_type=product&#038;p=257"},"modified":"2025-11-19T17:55:45","modified_gmt":"2025-11-19T17:55:45","slug":"departamento-en-condominio-vista-pacifico-la-serena","status":"publish","type":"product","link":"https:\/\/grupocostasur.com\/en\/product\/departamento-en-condominio-vista-pacifico-la-serena\/","title":{"rendered":"Apartment Condo Vista Pacific \u2013 La Serena"},"content":{"rendered":"<p>Apartment in Condominium Vista Pacific \u2013 La Serena<br \/>\nAvenida Pacifico 3119, La Serena<br \/>\nLa Serena<br \/>\nDepartamento<br \/>\nLease daily<\/p>\n<p>RESUMEN<br \/>\nTipo: Departamento<br \/>\nEstado: Arriendo diario<br \/>\nCiudad: La Serena<br \/>\nDisponibilidad: Disponible<\/p>\n<p>CARACTER\u00cdSTICAS<br \/>\nTipo: Departamento<br \/>\nPersonas: 4<br \/>\nPiso: 4<br \/>\nOrientaci\u00f3n: Nor-poniente<br \/>\nHabitaciones: 2<br \/>\nBa\u00f1os: 1<br \/>\nEstacionamientos: 1<br \/>\nWiFi: Si<br \/>\nTV Satelital \/ Cable: Si<br \/>\nLavander\u00eda: Si<br \/>\nJuegos para ni\u00f1os: Si<br \/>\nPiscina: Si<br \/>\nQuincho: Si<br \/>\nConserjer\u00eda: Si<br \/>\nAscensor: Si<br \/>\nEn condominio: Si<\/p>\n<p>DETALLE<br \/>\nSe arrienda hermoso y c\u00f3modo departamento en Piso 4, Torre 1 de Condominio Vista Pac\u00edfico en la ciudad de La Serena, con estacionamiento en recinto cerrado con acceso controlado, c\u00e1maras de seguridad, ascensor, piscina, quincho, juegos infantiles y bicicletero.<\/p>\n<p>Cercano a negocios locales de abastecimiento, restaurantes de diversas gastronom\u00edas y una cuadra de la playa.<\/p>\n<p>Incluye:<br \/>\n2 habitaciones<br \/>\n1 ba\u00f1o<br \/>\nCocina equipada<br \/>\nLiving<br \/>\nComedor<br \/>\nTiene 2 habitaciones, una con cama matrimonial y otra con 2 camas de una plaza, cada una con su respectivo cl\u00f3sets. Incluye adem\u00e1s 1 ba\u00f1o con tina, cocina equipada con refrigerador, horno el\u00e9ctrico, microonda, cafetera, tostadora el\u00e9ctrica, juguera y utensilios de cocina. Un living con televisor, comedor y una amplia terraza cerrada con ventanales.<\/p>","protected":false},"excerpt":{"rendered":"<p>Departamento en Condominio Vista Pac\u00edfico \u2013 La Serena Avenida Pacifico 3119, La Serena La Serena Departamento Arriendo diario RESUMEN Tipo: Departamento Estado: Arriendo diario Ciudad: La Serena Disponibilidad: Disponible CARACTER\u00cdSTICAS Tipo: Departamento Personas: 4 Piso: 4 Orientaci\u00f3n: Nor-poniente Habitaciones: 2 Ba\u00f1os: 1 Estacionamientos: 1 WiFi: Si TV Satelital \/ Cable: Si Lavander\u00eda: Si Juegos para [&hellip;]<\/p>\n","protected":false},"featured_media":819,"comment_status":"open","ping_status":"closed","template":"","meta":{"_exactmetrics_skip_tracking":false,"_exactmetrics_sitenote_active":false,"_exactmetrics_sitenote_note":"","_exactmetrics_sitenote_category":0},"product_brand":[],"product_cat":[17],"product_tag":[],"class_list":{"0":"post-257","1":"product","2":"type-product","3":"status-publish","4":"has-post-thumbnail","6":"product_cat-arriendo-diario","8":"first","9":"instock","10":"shipping-taxable","11":"product-type-simple"},"_links":{"self":[{"href":"https:\/\/grupocostasur.com\/en\/wp-json\/wp\/v2\/product\/257","targetHints":{"allow":["GET"]}}],"collection":[{"href":"https:\/\/grupocostasur.com\/en\/wp-json\/wp\/v2\/product"}],"about":[{"href":"https:\/\/grupocostasur.com\/en\/wp-json\/wp\/v2\/types\/product"}],"replies":[{"embeddable":true,"href":"https:\/\/grupocostasur.com\/en\/wp-json\/wp\/v2\/comments?post=257"}],"wp:featuredmedia":[{"embeddable":true,"href":"https:\/\/grupocostasur.com\/en\/wp-json\/wp\/v2\/media\/819"}],"wp:attachment":[{"href":"https:\/\/grupocostasur.com\/en\/wp-json\/wp\/v2\/media?parent=257"}],"wp:term":[{"taxonomy":"product_brand","embeddable":true,"href":"https:\/\/grupocostasur.com\/en\/wp-json\/wp\/v2\/product_brand?post=257"},{"taxonomy":"product_cat","embeddable":true,"href":"https:\/\/grupocostasur.com\/en\/wp-json\/wp\/v2\/product_cat?post=257"},{"taxonomy":"product_tag","embeddable":true,"href":"https:\/\/grupocostasur.com\/en\/wp-json\/wp\/v2\/product_tag?post=257"}],"curies":[{"name":"wp","href":"https:\/\/api.w.org\/{rel}","templated":true}]}}