{"id":188,"date":"2025-11-07T10:05:55","date_gmt":"2025-11-07T10:05:55","guid":{"rendered":"https:\/\/grupocostasur.com\/?post_type=product&#038;p=188"},"modified":"2025-11-14T15:38:00","modified_gmt":"2025-11-14T15:38:00","slug":"departamento-en-condominio-aqua-la-serena-3","status":"publish","type":"product","link":"https:\/\/grupocostasur.com\/en\/product\/departamento-en-condominio-aqua-la-serena-3\/","title":{"rendered":"Apartment Condo Aqua \u2013 La Serena"},"content":{"rendered":"<p>Department Condo Aqua \u2013 La Serena<br \/>\nAv. del Mar 1600-2150, La Serena<br \/>\nLa Serena<br \/>\nDepartamento<\/p>\n<p>Sale<br \/>\nUF 7.500<\/p>\n<p>RESUMEN<br \/>\nTipo: Departamento<br \/>\nEstado: Venta<br \/>\nCiudad: La Serena<br \/>\nDisponibilidad: Disponible<\/p>\n<p>CARACTER\u00cdSTICAS<br \/>\nTipo: Departamento<br \/>\nPiso: 10<br \/>\nOrientaci\u00f3n: Poniente<br \/>\nSup. Total: 104 m2<br \/>\nSup. Construida: 83 m2<br \/>\nSup. Terraza: 28 m2<br \/>\nHabitaciones: 3<br \/>\nBa\u00f1os: 2<br \/>\nEstacionamientos: 1<br \/>\nDETALLE<br \/>\nAmplio departamento en exclusivo Condominio Aqua de La Serena para 6 personas, ubicada en piso 10, Torre 1, que incluye:<\/p>\n<p>3 habitaciones<br \/>\n2 ba\u00f1os<br \/>\n1 estacionamiento<br \/>\nbodega<br \/>\nContribuciones: $136.000 + $4.000 por departamento y bodega.<br \/>\nGastos comunes: M\u00ednimo $150.000 \u2013 M\u00e1ximo $180.000.<\/p>","protected":false},"excerpt":{"rendered":"<p>Departamento en Condominio Aqua \u2013 La Serena Av. del Mar 1600-2150, La Serena La Serena Departamento Venta UF 7.500 RESUMEN Tipo: Departamento Estado: Venta Ciudad: La Serena Disponibilidad: Disponible CARACTER\u00cdSTICAS Tipo: Departamento Piso: 10 Orientaci\u00f3n: Poniente Sup. Total: 104 m2 Sup. Construida: 83 m2 Sup. Terraza: 28 m2 Habitaciones: 3 Ba\u00f1os: 2 Estacionamientos: 1 DETALLE [&hellip;]<\/p>\n","protected":false},"featured_media":206,"comment_status":"open","ping_status":"closed","template":"","meta":{"_exactmetrics_skip_tracking":false,"_exactmetrics_sitenote_active":false,"_exactmetrics_sitenote_note":"","_exactmetrics_sitenote_category":0},"product_brand":[],"product_cat":[21],"product_tag":[],"class_list":{"0":"post-188","1":"product","2":"type-product","3":"status-publish","4":"has-post-thumbnail","6":"product_cat-venta","8":"first","9":"instock","10":"shipping-taxable","11":"product-type-simple"},"_links":{"self":[{"href":"https:\/\/grupocostasur.com\/en\/wp-json\/wp\/v2\/product\/188","targetHints":{"allow":["GET"]}}],"collection":[{"href":"https:\/\/grupocostasur.com\/en\/wp-json\/wp\/v2\/product"}],"about":[{"href":"https:\/\/grupocostasur.com\/en\/wp-json\/wp\/v2\/types\/product"}],"replies":[{"embeddable":true,"href":"https:\/\/grupocostasur.com\/en\/wp-json\/wp\/v2\/comments?post=188"}],"wp:featuredmedia":[{"embeddable":true,"href":"https:\/\/grupocostasur.com\/en\/wp-json\/wp\/v2\/media\/206"}],"wp:attachment":[{"href":"https:\/\/grupocostasur.com\/en\/wp-json\/wp\/v2\/media?parent=188"}],"wp:term":[{"taxonomy":"product_brand","embeddable":true,"href":"https:\/\/grupocostasur.com\/en\/wp-json\/wp\/v2\/product_brand?post=188"},{"taxonomy":"product_cat","embeddable":true,"href":"https:\/\/grupocostasur.com\/en\/wp-json\/wp\/v2\/product_cat?post=188"},{"taxonomy":"product_tag","embeddable":true,"href":"https:\/\/grupocostasur.com\/en\/wp-json\/wp\/v2\/product_tag?post=188"}],"curies":[{"name":"wp","href":"https:\/\/api.w.org\/{rel}","templated":true}]}}