{"id":177,"date":"2025-11-06T18:35:48","date_gmt":"2025-11-06T18:35:48","guid":{"rendered":"https:\/\/grupocostasur.com\/?post_type=product&#038;p=177"},"modified":"2025-11-14T15:38:06","modified_gmt":"2025-11-14T15:38:06","slug":"departamento-en-condominio-aqua-la-serena-2","status":"publish","type":"product","link":"https:\/\/grupocostasur.com\/en\/product\/departamento-en-condominio-aqua-la-serena-2\/","title":{"rendered":"Apartment Condo Aqua \u2013 La Serena"},"content":{"rendered":"<p>Department Condo Aqua \u2013 La Serena<br \/>\nAv. del Mar 1600-2150, La Serena<br \/>\nLa Serena<br \/>\nDepartamento<\/p>\n<p>Sale<br \/>\nUF 4.980<\/p>\n<p>RESUMEN<br \/>\nTipo: Departamento<br \/>\nEstado: Venta<br \/>\nCiudad: La Serena<br \/>\nDisponibilidad: Disponible<\/p>\n<p>CARACTER\u00cdSTICAS<br \/>\nTipo: Departamento<br \/>\nPiso: 4<br \/>\nOrientaci\u00f3n: Norte<br \/>\nHabitaciones: 2<br \/>\nBa\u00f1os: 2<br \/>\nEstacionamientos: 2<br \/>\nBodega: Si<br \/>\nPiscina: Si<br \/>\nConserjer\u00eda: Si<br \/>\nAscensor: Si<br \/>\nDETALLE<br \/>\nDepartamento en venta en Condominio Aqua de La Serena, ubicado en el piso 4.<\/p>\n<p>2 habitaciones<br \/>\n2 ba\u00f1os<br \/>\nBalc\u00f3n<br \/>\nSwimming pool<br \/>\nLavander\u00eda<br \/>\nGastos comunes: $180.000<\/p>","protected":false},"excerpt":{"rendered":"<p>Departamento en Condominio Aqua \u2013 La Serena Av. del Mar 1600-2150, La Serena La Serena Departamento Venta UF 4.980 RESUMEN Tipo: Departamento Estado: Venta Ciudad: La Serena Disponibilidad: Disponible CARACTER\u00cdSTICAS Tipo: Departamento Piso: 4 Orientaci\u00f3n: Norte Habitaciones: 2 Ba\u00f1os: 2 Estacionamientos: 2 Bodega: Si Piscina: Si Conserjer\u00eda: Si Ascensor: Si DETALLE Departamento en venta en [&hellip;]<\/p>\n","protected":false},"featured_media":179,"comment_status":"open","ping_status":"closed","template":"","meta":{"_exactmetrics_skip_tracking":false,"_exactmetrics_sitenote_active":false,"_exactmetrics_sitenote_note":"","_exactmetrics_sitenote_category":0},"product_brand":[],"product_cat":[21],"product_tag":[],"class_list":{"0":"post-177","1":"product","2":"type-product","3":"status-publish","4":"has-post-thumbnail","6":"product_cat-venta","8":"first","9":"instock","10":"shipping-taxable","11":"product-type-simple"},"_links":{"self":[{"href":"https:\/\/grupocostasur.com\/en\/wp-json\/wp\/v2\/product\/177","targetHints":{"allow":["GET"]}}],"collection":[{"href":"https:\/\/grupocostasur.com\/en\/wp-json\/wp\/v2\/product"}],"about":[{"href":"https:\/\/grupocostasur.com\/en\/wp-json\/wp\/v2\/types\/product"}],"replies":[{"embeddable":true,"href":"https:\/\/grupocostasur.com\/en\/wp-json\/wp\/v2\/comments?post=177"}],"wp:featuredmedia":[{"embeddable":true,"href":"https:\/\/grupocostasur.com\/en\/wp-json\/wp\/v2\/media\/179"}],"wp:attachment":[{"href":"https:\/\/grupocostasur.com\/en\/wp-json\/wp\/v2\/media?parent=177"}],"wp:term":[{"taxonomy":"product_brand","embeddable":true,"href":"https:\/\/grupocostasur.com\/en\/wp-json\/wp\/v2\/product_brand?post=177"},{"taxonomy":"product_cat","embeddable":true,"href":"https:\/\/grupocostasur.com\/en\/wp-json\/wp\/v2\/product_cat?post=177"},{"taxonomy":"product_tag","embeddable":true,"href":"https:\/\/grupocostasur.com\/en\/wp-json\/wp\/v2\/product_tag?post=177"}],"curies":[{"name":"wp","href":"https:\/\/api.w.org\/{rel}","templated":true}]}}