{"id":129,"date":"2025-11-06T18:06:22","date_gmt":"2025-11-06T18:06:22","guid":{"rendered":"https:\/\/grupocostasur.com\/?post_type=product&#038;p=129"},"modified":"2025-11-14T15:38:35","modified_gmt":"2025-11-14T15:38:35","slug":"departamento-condominio-rio-elqui-la-serena","status":"publish","type":"product","link":"https:\/\/grupocostasur.com\/en\/product\/departamento-condominio-rio-elqui-la-serena\/","title":{"rendered":"Apartment Condominium River Elqui \u2013 La Serena"},"content":{"rendered":"<p>Departamento Condominio R\u00edo Elqui \u2013 La Serena<br \/>\nAvenida Libertad 201, La Serena<\/p>\n<p>Arriendo anual<br \/>\n$ 450.000 mensuales<\/p>\n<p>RESUMEN<br \/>\nTipo: Departamento<br \/>\nEstado: Arriendo anual<br \/>\nCiudad: La Serena<\/p>\n<p>CARACTER\u00cdSTICAS<br \/>\nTipo: Departamento<br \/>\nPersonas: 3<br \/>\nPiso: 6<br \/>\nHabitaciones: 2<br \/>\nBa\u00f1os: 1<br \/>\nEstacionamientos: 1<br \/>\nWiFi: Si<br \/>\nConserjer\u00eda: Si<\/p>\n<p>DETALLE<br \/>\nDepartamento en arriendo a\u00f1o corrido ubicado en Condominio R\u00edo Elqui en la ciudad de La Serena, acondicionado para 3 personas.<\/p>\n<p>2 habitaciones<br \/>\n1 ba\u00f1o<br \/>\nEstacionamiento<br \/>\nWi-Fi<br \/>\nIncluye gastos comunes<br \/>\nLuz, agua y gas por cuenta del arrendatario<\/p>","protected":false},"excerpt":{"rendered":"<p>Departamento Condominio R\u00edo Elqui \u2013 La Serena Avenida Libertad 201, La Serena Arriendo anual $ 450.000 mensuales RESUMEN Tipo: Departamento Estado: Arriendo anual Ciudad: La Serena CARACTER\u00cdSTICAS Tipo: Departamento Personas: 3 Piso: 6 Habitaciones: 2 Ba\u00f1os: 1 Estacionamientos: 1 WiFi: Si Conserjer\u00eda: Si DETALLE Departamento en arriendo a\u00f1o corrido ubicado en Condominio R\u00edo Elqui en [&hellip;]<\/p>\n","protected":false},"featured_media":136,"comment_status":"open","ping_status":"closed","template":"","meta":{"_exactmetrics_skip_tracking":false,"_exactmetrics_sitenote_active":false,"_exactmetrics_sitenote_note":"","_exactmetrics_sitenote_category":0},"product_brand":[],"product_cat":[20],"product_tag":[],"class_list":{"0":"post-129","1":"product","2":"type-product","3":"status-publish","4":"has-post-thumbnail","6":"product_cat-arriendo-ano-corrido","8":"first","9":"instock","10":"shipping-taxable","11":"product-type-simple"},"_links":{"self":[{"href":"https:\/\/grupocostasur.com\/en\/wp-json\/wp\/v2\/product\/129","targetHints":{"allow":["GET"]}}],"collection":[{"href":"https:\/\/grupocostasur.com\/en\/wp-json\/wp\/v2\/product"}],"about":[{"href":"https:\/\/grupocostasur.com\/en\/wp-json\/wp\/v2\/types\/product"}],"replies":[{"embeddable":true,"href":"https:\/\/grupocostasur.com\/en\/wp-json\/wp\/v2\/comments?post=129"}],"wp:featuredmedia":[{"embeddable":true,"href":"https:\/\/grupocostasur.com\/en\/wp-json\/wp\/v2\/media\/136"}],"wp:attachment":[{"href":"https:\/\/grupocostasur.com\/en\/wp-json\/wp\/v2\/media?parent=129"}],"wp:term":[{"taxonomy":"product_brand","embeddable":true,"href":"https:\/\/grupocostasur.com\/en\/wp-json\/wp\/v2\/product_brand?post=129"},{"taxonomy":"product_cat","embeddable":true,"href":"https:\/\/grupocostasur.com\/en\/wp-json\/wp\/v2\/product_cat?post=129"},{"taxonomy":"product_tag","embeddable":true,"href":"https:\/\/grupocostasur.com\/en\/wp-json\/wp\/v2\/product_tag?post=129"}],"curies":[{"name":"wp","href":"https:\/\/api.w.org\/{rel}","templated":true}]}}