{"id":119,"date":"2025-11-06T17:59:10","date_gmt":"2025-11-06T17:59:10","guid":{"rendered":"https:\/\/grupocostasur.com\/?post_type=product&#038;p=119"},"modified":"2025-11-14T15:38:42","modified_gmt":"2025-11-14T15:38:42","slug":"departamento-condominio-marina-sol-2","status":"publish","type":"product","link":"https:\/\/grupocostasur.com\/en\/product\/departamento-condominio-marina-sol-2\/","title":{"rendered":"Apartment Condominio Marina Sol 2"},"content":{"rendered":"<p>Departamento Condominio Marina Sol 2 \u2013 Coquimbo<br \/>\nPe\u00f1uelas Norte 196, Coquimbo<br \/>\nCoquimbo<br \/>\nDepartamento<br \/>\nSale<br \/>\nUF 3.100<\/p>\n<p>RESUMEN<br \/>\nTipo: Departamento<br \/>\nEstado: Venta<br \/>\nCiudad: Coquimbo<\/p>\n<p>CARACTER\u00cdSTICAS<br \/>\nTipo: Departamento<br \/>\nPiso: 13<br \/>\nOrientaci\u00f3n: Sur-poniente<br \/>\nSup. Total: 62 m2<br \/>\nSup. Construida: 49 m2<br \/>\nSup. Terraza: 3 m2<br \/>\nHabitaciones: 3<br \/>\nBa\u00f1os: 1<br \/>\nEstacionamientos: 1<br \/>\nConserjer\u00eda: Si<br \/>\nDETALLE<br \/>\nDepartamento en venta ubicado en Condominio Marina Sol 2 en la ciudad de Coquimbo.<\/p>\n<p>3 habitaciones<br \/>\n1 ba\u00f1o<br \/>\nEstacionamiento (12,5 mts2)<br \/>\nTerraza<br \/>\nOrientaci\u00f3n Sur Poniente<br \/>\nGastos comunes: $120.000 a $145.000.<br \/>\nBanco gestionado: Scotiabank.<\/p>","protected":false},"excerpt":{"rendered":"<p>Departamento Condominio Marina Sol 2 \u2013 Coquimbo Pe\u00f1uelas Norte 196, Coquimbo Coquimbo Departamento Venta UF 3.100 RESUMEN Tipo: Departamento Estado: Venta Ciudad: Coquimbo CARACTER\u00cdSTICAS Tipo: Departamento Piso: 13 Orientaci\u00f3n: Sur-poniente Sup. Total: 62 m2 Sup. Construida: 49 m2 Sup. Terraza: 3 m2 Habitaciones: 3 Ba\u00f1os: 1 Estacionamientos: 1 Conserjer\u00eda: Si DETALLE Departamento en venta ubicado [&hellip;]<\/p>\n","protected":false},"featured_media":125,"comment_status":"open","ping_status":"closed","template":"","meta":{"_exactmetrics_skip_tracking":false,"_exactmetrics_sitenote_active":false,"_exactmetrics_sitenote_note":"","_exactmetrics_sitenote_category":0},"product_brand":[],"product_cat":[21],"product_tag":[],"class_list":{"0":"post-119","1":"product","2":"type-product","3":"status-publish","4":"has-post-thumbnail","6":"product_cat-venta","8":"first","9":"instock","10":"shipping-taxable","11":"product-type-simple"},"_links":{"self":[{"href":"https:\/\/grupocostasur.com\/en\/wp-json\/wp\/v2\/product\/119","targetHints":{"allow":["GET"]}}],"collection":[{"href":"https:\/\/grupocostasur.com\/en\/wp-json\/wp\/v2\/product"}],"about":[{"href":"https:\/\/grupocostasur.com\/en\/wp-json\/wp\/v2\/types\/product"}],"replies":[{"embeddable":true,"href":"https:\/\/grupocostasur.com\/en\/wp-json\/wp\/v2\/comments?post=119"}],"wp:featuredmedia":[{"embeddable":true,"href":"https:\/\/grupocostasur.com\/en\/wp-json\/wp\/v2\/media\/125"}],"wp:attachment":[{"href":"https:\/\/grupocostasur.com\/en\/wp-json\/wp\/v2\/media?parent=119"}],"wp:term":[{"taxonomy":"product_brand","embeddable":true,"href":"https:\/\/grupocostasur.com\/en\/wp-json\/wp\/v2\/product_brand?post=119"},{"taxonomy":"product_cat","embeddable":true,"href":"https:\/\/grupocostasur.com\/en\/wp-json\/wp\/v2\/product_cat?post=119"},{"taxonomy":"product_tag","embeddable":true,"href":"https:\/\/grupocostasur.com\/en\/wp-json\/wp\/v2\/product_tag?post=119"}],"curies":[{"name":"wp","href":"https:\/\/api.w.org\/{rel}","templated":true}]}}